{"id":81,"date":"2015-04-05T10:28:18","date_gmt":"2015-04-05T10:28:18","guid":{"rendered":"http:\/\/www.ylitalo.info\/wp\/?page_id=81"},"modified":"2026-04-12T22:00:55","modified_gmt":"2026-04-12T20:00:55","slug":"suvilahti-esittely","status":"publish","type":"page","link":"https:\/\/www.ylitalo.info\/wp\/fi\/suvilahti-esittely\/","title":{"rendered":"Suvilahti &gt; Esittely"},"content":{"rendered":"<div id=\"pl-81\"  class=\"panel-layout\" ><div id=\"pg-81-0\"  class=\"panel-grid panel-no-style\" ><div id=\"pgc-81-0-0\"  class=\"panel-grid-cell\" ><div id=\"panel-81-0-0-0\" class=\"so-panel widget widget_black-studio-tinymce widget_black_studio_tinymce panel-first-child panel-last-child\" data-index=\"0\" ><div class=\"textwidget\"><p>Suvilahti on vuonna 2001 rakennettu talviasuttava hirsim\u00f6kki Tammelassa, Ojaj\u00e4rven rannalla. M\u00f6kki on hyvin varusteltu. Esim: suihku, sis\u00e4-ja ulko wc, taulu-tv, mikroaaltouuni, liesi, suora s\u00e4hk\u00f6l\u00e4mmitys + ilmal\u00e4mp\u00f6pumppu (l\u00e4mmitys), varaava takka. Lis\u00e4ksi on iso veranta, grillipaikka, laituri ja vene sek\u00e4 ulkopistorasiat. Sauna on puul\u00e4mmitteinen. Tuot mukanasi vain liinavaatteet ja henk.koht. tarvikkeet.<\/p>\n<p>Hinnat saattavat vaihdella sesonkien mukaan, varmista aina soittamalla tai s\u00e4hk\u00f6postilla haluamasi ajanjakson hinta.<\/p>\n<p>Ojaj\u00e4rvi tarjoaa kalastajille kirkkaat vedet ja hyv\u00e4t apajat. Marjastajille ja sienest\u00e4jille ymp\u00e4r\u00f6iv\u00e4 luonto on palkitseva. Maasto on my\u00f6s vaeltajia ajatellen mukavaa kangasmaastoa. Ranta on aurinkoinen matala hiekkaranta, pienillekin lapsille sopiva.<\/p>\n<p>Vaihtop\u00e4iv\u00e4 on viikkovuokrauksessa sunnuntai ja vkl- vuokrauksessa perjantai, tai sopimuksen mukaan. Tuloaika on yleens\u00e4 klo 16 ja l\u00e4ht\u00f6aika klo 12.<\/p>\n<p>Sis\u00e4siistit lemmikit sallittu, tupakointi sallittu vain ulkona.<\/p>\n<\/div><\/div><\/div><\/div><\/div>","protected":false},"excerpt":{"rendered":"<p>Suvilahti on vuonna 2001 rakennettu talviasuttava hirsim\u00f6kki Tammelassa, Ojaj\u00e4rven rannalla. M\u00f6kki on hyvin varusteltu. Esim: suihku, sis\u00e4-ja ulko wc, taulu-tv, mikroaaltouuni, liesi, suora s\u00e4hk\u00f6l\u00e4mmitys + ilmal\u00e4mp\u00f6pumppu (l\u00e4mmitys), varaava takka. Lis\u00e4ksi on iso veranta, grillipaikka, laituri ja vene sek\u00e4 ulkopistorasiat. Sauna on puul\u00e4mmitteinen. Tuot mukanasi vain liinavaatteet ja henk.koht. tarvikkeet. Hinnat saattavat vaihdella sesonkien mukaan, varmista [&hellip;]<\/p>\n","protected":false},"author":1,"featured_media":0,"parent":0,"menu_order":0,"comment_status":"closed","ping_status":"closed","template":"","meta":{"_exactmetrics_skip_tracking":false,"_exactmetrics_sitenote_active":false,"_exactmetrics_sitenote_note":"","_exactmetrics_sitenote_category":0,"footnotes":""},"class_list":["post-81","page","type-page","status-publish","hentry"],"_links":{"self":[{"href":"https:\/\/www.ylitalo.info\/wp\/wp-json\/wp\/v2\/pages\/81","targetHints":{"allow":["GET"]}}],"collection":[{"href":"https:\/\/www.ylitalo.info\/wp\/wp-json\/wp\/v2\/pages"}],"about":[{"href":"https:\/\/www.ylitalo.info\/wp\/wp-json\/wp\/v2\/types\/page"}],"author":[{"embeddable":true,"href":"https:\/\/www.ylitalo.info\/wp\/wp-json\/wp\/v2\/users\/1"}],"replies":[{"embeddable":true,"href":"https:\/\/www.ylitalo.info\/wp\/wp-json\/wp\/v2\/comments?post=81"}],"version-history":[{"count":5,"href":"https:\/\/www.ylitalo.info\/wp\/wp-json\/wp\/v2\/pages\/81\/revisions"}],"predecessor-version":[{"id":835,"href":"https:\/\/www.ylitalo.info\/wp\/wp-json\/wp\/v2\/pages\/81\/revisions\/835"}],"wp:attachment":[{"href":"https:\/\/www.ylitalo.info\/wp\/wp-json\/wp\/v2\/media?parent=81"}],"curies":[{"name":"wp","href":"https:\/\/api.w.org\/{rel}","templated":true}]}}